{"id":8828,"date":"2024-01-29T12:36:16","date_gmt":"2024-01-29T11:36:16","guid":{"rendered":"https:\/\/villa-gran.hu\/?page_id=8828"},"modified":"2025-05-14T12:16:10","modified_gmt":"2025-05-14T10:16:10","slug":"akciok","status":"publish","type":"page","link":"https:\/\/korlatlanwebtarhely.hu\/en\/akciok\/","title":{"rendered":"Promotions"},"content":{"rendered":"<div data-elementor-type=\"wp-page\" data-elementor-id=\"8828\" class=\"elementor elementor-8828\" data-elementor-settings=\"{&quot;ha_cmc_init_switcher&quot;:&quot;no&quot;}\" data-elementor-post-type=\"page\">\n\t\t\t\t\t\t<section class=\"elementor-section elementor-top-section elementor-element elementor-element-e2481d0 elementor-section-stretched elementor-section-content-top elementor-section-boxed elementor-section-height-default elementor-section-height-default\" data-id=\"e2481d0\" data-element_type=\"section\" data-e-type=\"section\" data-settings=\"{&quot;stretch_section&quot;:&quot;section-stretched&quot;,&quot;background_background&quot;:&quot;classic&quot;}\">\n\t\t\t\t\t\t<div class=\"elementor-container elementor-column-gap-default\">\n\t\t\t\t\t<div class=\"elementor-column elementor-col-100 elementor-top-column elementor-element elementor-element-b0a18c2 elementor-invisible\" data-id=\"b0a18c2\" data-element_type=\"column\" data-e-type=\"column\" data-settings=\"{&quot;animation&quot;:&quot;fadeInLeft&quot;}\">\n\t\t\t<div class=\"elementor-widget-wrap elementor-element-populated\">\n\t\t\t\t\t\t<div class=\"elementor-element elementor-element-1a009e6 elementor-widget elementor-widget-text-editor\" data-id=\"1a009e6\" data-element_type=\"widget\" data-e-type=\"widget\" data-widget_type=\"text-editor.default\">\n\t\t\t\t<div class=\"elementor-widget-container\">\n\t\t\t\t\t\t\t\t\t<p style=\"font-weight: 400;\"><strong>-15% discount on weekdays, from 2 nights<\/strong><\/p><p style=\"font-weight: 400;\">If you want to come on a weekday, you can book now at a discounted rate via our website! Visit us and enjoy the comfort of our pension with a 15% discount.<\/p><p style=\"font-weight: 400;\">Promotion period: 05.05.2025-06.30.<\/p><p style=\"font-weight: 400;\">The special rate is valid from Sunday to Friday, from a minimum 2 nights booking on our own website or by phone, e-mail.<\/p>\t\t\t\t\t\t\t\t<\/div>\n\t\t\t\t<\/div>\n\t\t\t\t\t<\/div>\n\t\t<\/div>\n\t\t\t\t\t<\/div>\n\t\t<\/section>\n\t\t\t\t<section class=\"elementor-section elementor-top-section elementor-element elementor-element-6bc48ab elementor-section-stretched elementor-section-content-top elementor-section-boxed elementor-section-height-default elementor-section-height-default\" data-id=\"6bc48ab\" data-element_type=\"section\" data-e-type=\"section\" data-settings=\"{&quot;stretch_section&quot;:&quot;section-stretched&quot;,&quot;background_background&quot;:&quot;classic&quot;}\">\n\t\t\t\t\t\t<div class=\"elementor-container elementor-column-gap-default\">\n\t\t\t\t\t<div class=\"elementor-column elementor-col-100 elementor-top-column elementor-element elementor-element-ad88a03 elementor-invisible\" data-id=\"ad88a03\" data-element_type=\"column\" data-e-type=\"column\" data-settings=\"{&quot;animation&quot;:&quot;fadeInLeft&quot;}\">\n\t\t\t<div class=\"elementor-widget-wrap elementor-element-populated\">\n\t\t\t\t\t\t<div class=\"elementor-element elementor-element-0d55c14 elementor-widget elementor-widget-image\" data-id=\"0d55c14\" data-element_type=\"widget\" data-e-type=\"widget\" data-widget_type=\"image.default\">\n\t\t\t\t<div class=\"elementor-widget-container\">\n\t\t\t\t\t\t\t\t\t\t\t\t\t\t\t<img fetchpriority=\"high\" decoding=\"async\" width=\"1024\" height=\"324\" src=\"https:\/\/korlatlanwebtarhely.hu\/wp-content\/uploads\/2024\/09\/vw_landing_page_cover_en_1-1024x324.jpg\" class=\"attachment-large size-large wp-image-9159\" alt=\"\" srcset=\"https:\/\/korlatlanwebtarhely.hu\/wp-content\/uploads\/2024\/09\/vw_landing_page_cover_en_1-1024x324.jpg 1024w, https:\/\/korlatlanwebtarhely.hu\/wp-content\/uploads\/2024\/09\/vw_landing_page_cover_en_1-300x95.jpg 300w, https:\/\/korlatlanwebtarhely.hu\/wp-content\/uploads\/2024\/09\/vw_landing_page_cover_en_1-768x243.jpg 768w, https:\/\/korlatlanwebtarhely.hu\/wp-content\/uploads\/2024\/09\/vw_landing_page_cover_en_1-18x6.jpg 18w, https:\/\/korlatlanwebtarhely.hu\/wp-content\/uploads\/2024\/09\/vw_landing_page_cover_en_1.jpg 1424w\" sizes=\"(max-width: 1024px) 100vw, 1024px\" \/>\t\t\t\t\t\t\t\t\t\t\t\t\t\t\t<\/div>\n\t\t\t\t<\/div>\n\t\t\t\t<div class=\"elementor-element elementor-element-38a6393 elementor-widget elementor-widget-text-editor\" data-id=\"38a6393\" data-element_type=\"widget\" data-e-type=\"widget\" data-widget_type=\"text-editor.default\">\n\t\t\t\t<div class=\"elementor-widget-container\">\n\t\t\t\t\t\t\t\t\t<p style=\"font-weight: 400;\"><strong>Room reservation + Aquasziget Experience Baths ticket = gift Vil\u00e1gi Winery K\u00e9kfrankos Ros\u00e9<\/strong><\/p><p style=\"font-weight: 400;\">If you book a room reservation now and buy an Experience Spa ticket with a 25% discount, you will receive a bottle of K\u00e9kfrankos Ros\u00e9 from Vil\u00e1gi Winery on arrival.<\/p><p style=\"font-weight: 400;\">\u00a0<\/p><p style=\"font-weight: 400;\">It is now worth combining the five-star accommodation experience with the wellness experience of the Aquasziget Spa.<\/p><p style=\"font-weight: 400;\">\u00a0<\/p><p style=\"font-weight: 400;\">The promotion is valid until cancelled.<\/p>\t\t\t\t\t\t\t\t<\/div>\n\t\t\t\t<\/div>\n\t\t\t\t\t<\/div>\n\t\t<\/div>\n\t\t\t\t\t<\/div>\n\t\t<\/section>\n\t\t\t\t<section class=\"elementor-section elementor-top-section elementor-element elementor-element-7d2bb54 elementor-section-stretched elementor-section-content-top elementor-section-boxed elementor-section-height-default elementor-section-height-default\" data-id=\"7d2bb54\" data-element_type=\"section\" data-e-type=\"section\" data-settings=\"{&quot;stretch_section&quot;:&quot;section-stretched&quot;,&quot;background_background&quot;:&quot;classic&quot;}\">\n\t\t\t\t\t\t<div class=\"elementor-container elementor-column-gap-default\">\n\t\t\t\t\t<div class=\"elementor-column elementor-col-100 elementor-top-column elementor-element elementor-element-477b72a elementor-invisible\" data-id=\"477b72a\" data-element_type=\"column\" data-e-type=\"column\" data-settings=\"{&quot;animation&quot;:&quot;fadeInLeft&quot;}\">\n\t\t\t<div class=\"elementor-widget-wrap elementor-element-populated\">\n\t\t\t\t\t\t<div class=\"elementor-element elementor-element-3c45400 elementor-widget elementor-widget-image\" data-id=\"3c45400\" data-element_type=\"widget\" data-e-type=\"widget\" data-widget_type=\"image.default\">\n\t\t\t\t<div class=\"elementor-widget-container\">\n\t\t\t\t\t\t\t\t\t\t\t\t\t\t\t<img decoding=\"async\" width=\"940\" height=\"788\" src=\"https:\/\/korlatlanwebtarhely.hu\/wp-content\/uploads\/2024\/06\/Kedvezmeny-42.png\" class=\"attachment-large size-large wp-image-9131\" alt=\"\" srcset=\"https:\/\/korlatlanwebtarhely.hu\/wp-content\/uploads\/2024\/06\/Kedvezmeny-42.png 940w, https:\/\/korlatlanwebtarhely.hu\/wp-content\/uploads\/2024\/06\/Kedvezmeny-42-300x251.png 300w, https:\/\/korlatlanwebtarhely.hu\/wp-content\/uploads\/2024\/06\/Kedvezmeny-42-768x644.png 768w, https:\/\/korlatlanwebtarhely.hu\/wp-content\/uploads\/2024\/06\/Kedvezmeny-42-14x12.png 14w\" sizes=\"(max-width: 940px) 100vw, 940px\" \/>\t\t\t\t\t\t\t\t\t\t\t\t\t\t\t<\/div>\n\t\t\t\t<\/div>\n\t\t\t\t<div class=\"elementor-element elementor-element-c51df77 elementor-widget elementor-widget-text-editor\" data-id=\"c51df77\" data-element_type=\"widget\" data-e-type=\"widget\" data-widget_type=\"text-editor.default\">\n\t\t\t\t<div class=\"elementor-widget-container\">\n\t\t\t\t\t\t\t\t\t<p class=\"m_-2455290257879970971MsoListParagraph\">In three of Esztergom's many excellent restaurants, guests receive a 10% discount on the final bill. The discount can be claimed by presenting a dated Villa Gran key card case to the waiters of the restaurants.<u><\/u><u><\/u><\/p><p class=\"m_-2455290257879970971MsoListParagraph\"><a href=\"https:\/\/www.facebook.com\/NautilusHajosBar\"><span style=\"color: #333399;\"><strong>Nautilus Boat Restaurant<\/strong><\/span><\/a> open seasonally from spring to autumn. It is 400 metres from the Villa on foot and easily accessible via Elisabeth Park.<u><\/u><u><\/u><\/p><p class=\"m_-2455290257879970971MsoListParagraph\"><span style=\"color: #333399;\"><strong><a style=\"color: #333399;\" href=\"https:\/\/piac42.hu\/\">Market 42 Bistro<\/a><\/strong><\/span> Located 1 km from the guest house, next to the renewed gastro market in the town. It can be reached on foot through pedestrian walkways and pedestrian streets, and by car we recommend the parking lot on Simor J\u00e1nos Street or the VisitE bus stop right next to the market.<\/p><p class=\"m_-2455290257879970971MsoListParagraph\"><span style=\"color: #333399;\"><strong><a style=\"color: #333399;\" href=\"https:\/\/www.facebook.com\/haluskaetterem\">Haluska Restaurant<\/a><\/strong><\/span> is located on the outskirts of the city, on the shores of the Round Lake, in a fabulous setting. The restaurant is 6.2 km from the Pension and can be reached by car or bicycle. Free parking is available next to the restaurant.<\/p>\t\t\t\t\t\t\t\t<\/div>\n\t\t\t\t<\/div>\n\t\t\t\t\t<\/div>\n\t\t<\/div>\n\t\t\t\t\t<\/div>\n\t\t<\/section>\n\t\t\t\t<\/div>","protected":false},"excerpt":{"rendered":"<p>-15% discount on weekdays, from 2 nights If you want to stay with us on a weekday, you can book now at a discounted rate via our website! Visit us and enjoy the comfort of our pension with a 15% discount. Promotion period: 05.05.2025-06.30.2025. Reservation + Aquasziget Experience Baths entrance ticket = gift Vil\u00e1gi Winery [...]<\/p>","protected":false},"author":1,"featured_media":0,"parent":0,"menu_order":0,"comment_status":"closed","ping_status":"closed","template":"","meta":{"footnotes":""},"class_list":["post-8828","page","type-page","status-publish","hentry"],"_links":{"self":[{"href":"https:\/\/korlatlanwebtarhely.hu\/en\/wp-json\/wp\/v2\/pages\/8828","targetHints":{"allow":["GET"]}}],"collection":[{"href":"https:\/\/korlatlanwebtarhely.hu\/en\/wp-json\/wp\/v2\/pages"}],"about":[{"href":"https:\/\/korlatlanwebtarhely.hu\/en\/wp-json\/wp\/v2\/types\/page"}],"author":[{"embeddable":true,"href":"https:\/\/korlatlanwebtarhely.hu\/en\/wp-json\/wp\/v2\/users\/1"}],"replies":[{"embeddable":true,"href":"https:\/\/korlatlanwebtarhely.hu\/en\/wp-json\/wp\/v2\/comments?post=8828"}],"version-history":[{"count":0,"href":"https:\/\/korlatlanwebtarhely.hu\/en\/wp-json\/wp\/v2\/pages\/8828\/revisions"}],"wp:attachment":[{"href":"https:\/\/korlatlanwebtarhely.hu\/en\/wp-json\/wp\/v2\/media?parent=8828"}],"curies":[{"name":"wp","href":"https:\/\/api.w.org\/{rel}","templated":true}]}}