{"id":8828,"date":"2024-01-29T12:36:16","date_gmt":"2024-01-29T11:36:16","guid":{"rendered":"https:\/\/villa-gran.hu\/?page_id=8828"},"modified":"2025-05-14T12:16:10","modified_gmt":"2025-05-14T10:16:10","slug":"akciok","status":"publish","type":"page","link":"https:\/\/korlatlanwebtarhely.hu\/sk\/akciok\/","title":{"rendered":"Propaga\u010dn\u00e9 akcie"},"content":{"rendered":"<div data-elementor-type=\"wp-page\" data-elementor-id=\"8828\" class=\"elementor elementor-8828\" data-elementor-settings=\"{&quot;ha_cmc_init_switcher&quot;:&quot;no&quot;}\" data-elementor-post-type=\"page\">\n\t\t\t\t\t\t<section class=\"elementor-section elementor-top-section elementor-element elementor-element-e2481d0 elementor-section-stretched elementor-section-content-top elementor-section-boxed elementor-section-height-default elementor-section-height-default\" data-id=\"e2481d0\" data-element_type=\"section\" data-e-type=\"section\" data-settings=\"{&quot;stretch_section&quot;:&quot;section-stretched&quot;,&quot;background_background&quot;:&quot;classic&quot;}\">\n\t\t\t\t\t\t<div class=\"elementor-container elementor-column-gap-default\">\n\t\t\t\t\t<div class=\"elementor-column elementor-col-100 elementor-top-column elementor-element elementor-element-b0a18c2 elementor-invisible\" data-id=\"b0a18c2\" data-element_type=\"column\" data-e-type=\"column\" data-settings=\"{&quot;animation&quot;:&quot;fadeInLeft&quot;}\">\n\t\t\t<div class=\"elementor-widget-wrap elementor-element-populated\">\n\t\t\t\t\t\t<div class=\"elementor-element elementor-element-1a009e6 elementor-widget elementor-widget-text-editor\" data-id=\"1a009e6\" data-element_type=\"widget\" data-e-type=\"widget\" data-widget_type=\"text-editor.default\">\n\t\t\t\t<div class=\"elementor-widget-container\">\n\t\t\t\t\t\t\t\t\t<p style=\"font-weight: 400;\"><strong>-15% z\u013eava na pracovn\u00e9 dni, od 2 noc\u00ed<\/strong><\/p><p style=\"font-weight: 400;\">Ak chcete pr\u00eds\u0165 vo v\u0161edn\u00fd de\u0148, m\u00f4\u017eete si ho teraz rezervova\u0165 za zv\u00fdhodnen\u00fa cenu prostredn\u00edctvom na\u0161ej webovej str\u00e1nky! Nav\u0161t\u00edvte n\u00e1s a u\u017eite si pohodlie n\u00e1\u0161ho penzi\u00f3nu so z\u013eavou 15%.<\/p><p style=\"font-weight: 400;\">Obdobie propag\u00e1cie: 05.05.2025-06.30.<\/p><p style=\"font-weight: 400;\">\u0160peci\u00e1lna cena plat\u00ed od nedele do piatku, pri rezerv\u00e1cii minim\u00e1lne 2 noc\u00ed na na\u0161ej webovej str\u00e1nke alebo telefonicky, e-mailom.<\/p>\t\t\t\t\t\t\t\t<\/div>\n\t\t\t\t<\/div>\n\t\t\t\t\t<\/div>\n\t\t<\/div>\n\t\t\t\t\t<\/div>\n\t\t<\/section>\n\t\t\t\t<section class=\"elementor-section elementor-top-section elementor-element elementor-element-6bc48ab elementor-section-stretched elementor-section-content-top elementor-section-boxed elementor-section-height-default elementor-section-height-default\" data-id=\"6bc48ab\" data-element_type=\"section\" data-e-type=\"section\" data-settings=\"{&quot;stretch_section&quot;:&quot;section-stretched&quot;,&quot;background_background&quot;:&quot;classic&quot;}\">\n\t\t\t\t\t\t<div class=\"elementor-container elementor-column-gap-default\">\n\t\t\t\t\t<div class=\"elementor-column elementor-col-100 elementor-top-column elementor-element elementor-element-ad88a03 elementor-invisible\" data-id=\"ad88a03\" data-element_type=\"column\" data-e-type=\"column\" data-settings=\"{&quot;animation&quot;:&quot;fadeInLeft&quot;}\">\n\t\t\t<div class=\"elementor-widget-wrap elementor-element-populated\">\n\t\t\t\t\t\t<div class=\"elementor-element elementor-element-0d55c14 elementor-widget elementor-widget-image\" data-id=\"0d55c14\" data-element_type=\"widget\" data-e-type=\"widget\" data-widget_type=\"image.default\">\n\t\t\t\t<div class=\"elementor-widget-container\">\n\t\t\t\t\t\t\t\t\t\t\t\t\t\t\t<img fetchpriority=\"high\" decoding=\"async\" width=\"1024\" height=\"324\" src=\"https:\/\/korlatlanwebtarhely.hu\/wp-content\/uploads\/2024\/09\/vw_landing_page_cover_en_1-1024x324.jpg\" class=\"attachment-large size-large wp-image-9159\" alt=\"\" srcset=\"https:\/\/korlatlanwebtarhely.hu\/wp-content\/uploads\/2024\/09\/vw_landing_page_cover_en_1-1024x324.jpg 1024w, https:\/\/korlatlanwebtarhely.hu\/wp-content\/uploads\/2024\/09\/vw_landing_page_cover_en_1-300x95.jpg 300w, https:\/\/korlatlanwebtarhely.hu\/wp-content\/uploads\/2024\/09\/vw_landing_page_cover_en_1-768x243.jpg 768w, https:\/\/korlatlanwebtarhely.hu\/wp-content\/uploads\/2024\/09\/vw_landing_page_cover_en_1-18x6.jpg 18w, https:\/\/korlatlanwebtarhely.hu\/wp-content\/uploads\/2024\/09\/vw_landing_page_cover_en_1.jpg 1424w\" sizes=\"(max-width: 1024px) 100vw, 1024px\" \/>\t\t\t\t\t\t\t\t\t\t\t\t\t\t\t<\/div>\n\t\t\t\t<\/div>\n\t\t\t\t<div class=\"elementor-element elementor-element-38a6393 elementor-widget elementor-widget-text-editor\" data-id=\"38a6393\" data-element_type=\"widget\" data-e-type=\"widget\" data-widget_type=\"text-editor.default\">\n\t\t\t\t<div class=\"elementor-widget-container\">\n\t\t\t\t\t\t\t\t\t<p style=\"font-weight: 400;\"><strong>Rezerv\u00e1cia izby + vstupenka na z\u00e1\u017eitkov\u00e9 k\u00fapele Aquasziget = dar\u010dek Vin\u00e1rstvo Vil\u00e1gi K\u00e9kfrankos Ros\u00e9<\/strong><\/p><p style=\"font-weight: 400;\">Ak si teraz rezervujete izbu a k\u00fapite si vstupenku do Z\u00e1\u017eitkov\u00fdch k\u00fape\u013eov so z\u013eavou 25%, dostanete pri pr\u00edchode f\u013ea\u0161u K\u00e9kfrankos Ros\u00e9 z vin\u00e1rstva Vil\u00e1gi.<\/p><p style=\"font-weight: 400;\">\u00a0<\/p><p style=\"font-weight: 400;\">Teraz sa oplat\u00ed spoji\u0165 p\u00e4\u0165hviezdi\u010dkov\u00e9 ubytovanie s wellness z\u00e1\u017eitkami v k\u00fape\u013eoch Aquasziget.<\/p><p style=\"font-weight: 400;\">\u00a0<\/p><p style=\"font-weight: 400;\">Akcia plat\u00ed do zru\u0161enia.<\/p>\t\t\t\t\t\t\t\t<\/div>\n\t\t\t\t<\/div>\n\t\t\t\t\t<\/div>\n\t\t<\/div>\n\t\t\t\t\t<\/div>\n\t\t<\/section>\n\t\t\t\t<section class=\"elementor-section elementor-top-section elementor-element elementor-element-7d2bb54 elementor-section-stretched elementor-section-content-top elementor-section-boxed elementor-section-height-default elementor-section-height-default\" data-id=\"7d2bb54\" data-element_type=\"section\" data-e-type=\"section\" data-settings=\"{&quot;stretch_section&quot;:&quot;section-stretched&quot;,&quot;background_background&quot;:&quot;classic&quot;}\">\n\t\t\t\t\t\t<div class=\"elementor-container elementor-column-gap-default\">\n\t\t\t\t\t<div class=\"elementor-column elementor-col-100 elementor-top-column elementor-element elementor-element-477b72a elementor-invisible\" data-id=\"477b72a\" data-element_type=\"column\" data-e-type=\"column\" data-settings=\"{&quot;animation&quot;:&quot;fadeInLeft&quot;}\">\n\t\t\t<div class=\"elementor-widget-wrap elementor-element-populated\">\n\t\t\t\t\t\t<div class=\"elementor-element elementor-element-3c45400 elementor-widget elementor-widget-image\" data-id=\"3c45400\" data-element_type=\"widget\" data-e-type=\"widget\" data-widget_type=\"image.default\">\n\t\t\t\t<div class=\"elementor-widget-container\">\n\t\t\t\t\t\t\t\t\t\t\t\t\t\t\t<img decoding=\"async\" width=\"940\" height=\"788\" src=\"https:\/\/korlatlanwebtarhely.hu\/wp-content\/uploads\/2024\/06\/Kedvezmeny-42.png\" class=\"attachment-large size-large wp-image-9131\" alt=\"\" srcset=\"https:\/\/korlatlanwebtarhely.hu\/wp-content\/uploads\/2024\/06\/Kedvezmeny-42.png 940w, https:\/\/korlatlanwebtarhely.hu\/wp-content\/uploads\/2024\/06\/Kedvezmeny-42-300x251.png 300w, https:\/\/korlatlanwebtarhely.hu\/wp-content\/uploads\/2024\/06\/Kedvezmeny-42-768x644.png 768w, https:\/\/korlatlanwebtarhely.hu\/wp-content\/uploads\/2024\/06\/Kedvezmeny-42-14x12.png 14w\" sizes=\"(max-width: 940px) 100vw, 940px\" \/>\t\t\t\t\t\t\t\t\t\t\t\t\t\t\t<\/div>\n\t\t\t\t<\/div>\n\t\t\t\t<div class=\"elementor-element elementor-element-c51df77 elementor-widget elementor-widget-text-editor\" data-id=\"c51df77\" data-element_type=\"widget\" data-e-type=\"widget\" data-widget_type=\"text-editor.default\">\n\t\t\t\t<div class=\"elementor-widget-container\">\n\t\t\t\t\t\t\t\t\t<p class=\"m_-2455290257879970971MsoListParagraph\">V troch z mnoh\u00fdch vynikaj\u00facich ostrihomsk\u00fdch re\u0161taur\u00e1ci\u00ed dostan\u00fa hostia z\u013eavu 10% z kone\u010dn\u00e9ho \u00fa\u010dtu. Z\u013eavu je mo\u017en\u00e9 uplatni\u0165 po predlo\u017een\u00ed datovan\u00e9ho puzdra s k\u013e\u00fa\u010dom Villa Gran \u010da\u0161n\u00edkom re\u0161taur\u00e1ci\u00ed.<u><\/u><u><\/u><\/p><p class=\"m_-2455290257879970971MsoListParagraph\"><a href=\"https:\/\/www.facebook.com\/NautilusHajosBar\"><span style=\"color: #333399;\"><strong>Lodn\u00e1 re\u0161taur\u00e1cia Nautilus<\/strong><\/span><\/a> otvoren\u00e9 sez\u00f3nne od jari do jesene. Od vily je vzdialen\u00fd 400 metrov a \u013eahko sa k nemu dostanete cez park Elisabeth.<u><\/u><u><\/u><\/p><p class=\"m_-2455290257879970971MsoListParagraph\"><span style=\"color: #333399;\"><strong><a style=\"color: #333399;\" href=\"https:\/\/piac42.hu\/\">Bistro Market 42<\/a><\/strong><\/span> Nach\u00e1dza sa 1 km od penzi\u00f3nu, ved\u013ea obnoven\u00e9ho gastro trhu v meste. Pe\u0161o sa k nemu dostanete po pe\u0161\u00edch chodn\u00edkoch a pe\u0161\u00edch z\u00f3nach, autom odpor\u00fa\u010dame parkovisko na ulici Simor J\u00e1nos alebo autobusov\u00fa zast\u00e1vku VisitE priamo pri tr\u017enici.<\/p><p class=\"m_-2455290257879970971MsoListParagraph\"><span style=\"color: #333399;\"><strong><a style=\"color: #333399;\" href=\"https:\/\/www.facebook.com\/haluskaetterem\">Re\u0161taur\u00e1cia Haluska<\/a><\/strong><\/span> sa nach\u00e1dza na okraji mesta, na brehu jazera Round Lake, v rozpr\u00e1vkovom prostred\u00ed. Re\u0161taur\u00e1cia je vzdialen\u00e1 6,2 km od penzi\u00f3nu a dostanete sa k nej autom alebo na bicykli. Pri re\u0161taur\u00e1cii je k dispoz\u00edcii bezplatn\u00e9 parkovisko.<\/p>\t\t\t\t\t\t\t\t<\/div>\n\t\t\t\t<\/div>\n\t\t\t\t\t<\/div>\n\t\t<\/div>\n\t\t\t\t\t<\/div>\n\t\t<\/section>\n\t\t\t\t<\/div>","protected":false},"excerpt":{"rendered":"<p>-15% z\u013eava na pracovn\u00e9 dni, od 2 noc\u00ed Ak sa u n\u00e1s chcete ubytova\u0165 v pracovn\u00fd de\u0148, m\u00f4\u017eete si teraz rezervova\u0165 pobyt za zv\u00fdhodnen\u00fa cenu prostredn\u00edctvom na\u0161ej webovej str\u00e1nky! Nav\u0161t\u00edvte n\u00e1s a u\u017eite si pohodlie n\u00e1\u0161ho penzi\u00f3nu so z\u013eavou 15%. Obdobie akcie: 05.05.2025-06.30.2025. Rezerv\u00e1cia + vstupenka do z\u00e1\u017eitkov\u00fdch k\u00fape\u013eov Aquasziget = dar\u010dek Vin\u00e1rstvo Vil\u00e1gi [...]<\/p>","protected":false},"author":1,"featured_media":0,"parent":0,"menu_order":0,"comment_status":"closed","ping_status":"closed","template":"","meta":{"footnotes":""},"class_list":["post-8828","page","type-page","status-publish","hentry"],"_links":{"self":[{"href":"https:\/\/korlatlanwebtarhely.hu\/sk\/wp-json\/wp\/v2\/pages\/8828","targetHints":{"allow":["GET"]}}],"collection":[{"href":"https:\/\/korlatlanwebtarhely.hu\/sk\/wp-json\/wp\/v2\/pages"}],"about":[{"href":"https:\/\/korlatlanwebtarhely.hu\/sk\/wp-json\/wp\/v2\/types\/page"}],"author":[{"embeddable":true,"href":"https:\/\/korlatlanwebtarhely.hu\/sk\/wp-json\/wp\/v2\/users\/1"}],"replies":[{"embeddable":true,"href":"https:\/\/korlatlanwebtarhely.hu\/sk\/wp-json\/wp\/v2\/comments?post=8828"}],"version-history":[{"count":0,"href":"https:\/\/korlatlanwebtarhely.hu\/sk\/wp-json\/wp\/v2\/pages\/8828\/revisions"}],"wp:attachment":[{"href":"https:\/\/korlatlanwebtarhely.hu\/sk\/wp-json\/wp\/v2\/media?parent=8828"}],"curies":[{"name":"wp","href":"https:\/\/api.w.org\/{rel}","templated":true}]}}